{"id":83,"date":"2026-01-28T13:13:19","date_gmt":"2026-01-28T13:13:19","guid":{"rendered":"https:\/\/verbion.jezik.hr\/?page_id=83"},"modified":"2026-01-28T13:13:38","modified_gmt":"2026-01-28T13:13:38","slug":"research-team","status":"publish","type":"page","link":"https:\/\/verbion.jezik.hr\/index.php\/en\/research-team\/","title":{"rendered":"Research team"},"content":{"rendered":"\n<p><strong>Principal investigator:<\/strong><\/p>\n\n\n\n<p><a href=\"http:\/\/ihjj.hr\/istrazivac\/ivana-brac\/6\/\">Ivana Bra\u010d<\/a>, Institute for the Croatian Language, head of the project<\/p>\n\n\n\n<p><\/p>\n\n\n\n<p><strong>Team members:<\/strong><\/p>\n\n\n\n<p><a href=\"https:\/\/ihjj.hr\/istrazivac\/matea-birtic\/58\/\">Matea Birti\u0107<\/a>, Institute for the Croatian Language<\/p>\n\n\n\n<p><a href=\"https:\/\/www.ffos.unios.hr\/nastavnik\/branimir-belaj\/\">Branimir Belaj<\/a>, Faculty of Humanities and Social Sciences, University of Osijek<\/p>\n\n\n\n<p><a href=\"http:\/\/ihjj.hr\/istrazivac\/ivona-gasparic\/100\/\">Ivona Ga\u0161pari\u0107<\/a>, Institute for the Croatian Language<\/p>\n\n\n\n<p><a href=\"http:\/\/ihjj.hr\/istrazivac\/daria-lazic\/87\/\">Daria Lazi\u0107<\/a>, Institute for the Croatian Language<\/p>\n\n\n\n<p><a href=\"http:\/\/ihjj.hr\/istrazivac\/maja-matijevic\/90\/\">Maja Matijevi\u0107<\/a>, Institute for the Croatian Language<\/p>\n\n\n\n<p>Iva Nazalevi\u0107 \u010cu\u010devi\u0107, Faculty of Humanities and Social Sciences, University of Zagreb<\/p>\n\n\n\n<p><a href=\"http:\/\/ihjj.hr\/istrazivac\/sinisa-runjaic\/5\/\">Sini\u0161a Runjai\u0107<\/a>, Institute for the Croatian Language<\/p>\n","protected":false},"excerpt":{"rendered":"<p>Principal investigator: Ivana Bra\u010d, Institute for the Croatian Language, head of the project Team members: Matea Birti\u0107, Institute for the Croatian Language Branimir Belaj, Faculty of Humanities and Social Sciences, University of Osijek Ivona Ga\u0161pari\u0107, Institute for the Croatian Language Daria Lazi\u0107, Institute for the Croatian Language Maja Matijevi\u0107, Institute for the Croatian Language Iva [&hellip;]<\/p>\n","protected":false},"author":1,"featured_media":0,"parent":0,"menu_order":0,"comment_status":"closed","ping_status":"closed","template":"","meta":{"footnotes":""},"class_list":["post-83","page","type-page","status-publish","hentry"],"yoast_head":"<!-- This site is optimized with the Yoast SEO plugin v21.8 - https:\/\/yoast.com\/wordpress\/plugins\/seo\/ -->\n<title>Research team - Verbion<\/title>\n<meta name=\"robots\" content=\"index, follow, max-snippet:-1, max-image-preview:large, max-video-preview:-1\" \/>\n<link rel=\"canonical\" href=\"https:\/\/verbion.jezik.hr\/index.php\/en\/research-team\/\" \/>\n<meta property=\"og:locale\" content=\"hr_HR\" \/>\n<meta property=\"og:type\" content=\"article\" \/>\n<meta property=\"og:title\" content=\"Research team - Verbion\" \/>\n<meta property=\"og:description\" content=\"Principal investigator: Ivana Bra\u010d, Institute for the Croatian Language, head of the project Team members: Matea Birti\u0107, Institute for the Croatian Language Branimir Belaj, Faculty of Humanities and Social Sciences, University of Osijek Ivona Ga\u0161pari\u0107, Institute for the Croatian Language Daria Lazi\u0107, Institute for the Croatian Language Maja Matijevi\u0107, Institute for the Croatian Language Iva [&hellip;]\" \/>\n<meta property=\"og:url\" content=\"https:\/\/verbion.jezik.hr\/index.php\/en\/research-team\/\" \/>\n<meta property=\"og:site_name\" content=\"Verbion\" \/>\n<meta property=\"article:modified_time\" content=\"2026-01-28T13:13:38+00:00\" \/>\n<meta name=\"twitter:card\" content=\"summary_large_image\" \/>\n<meta name=\"twitter:label1\" content=\"Procijenjeno vrijeme \u010ditanja\" \/>\n\t<meta name=\"twitter:data1\" content=\"1 minuta\" \/>\n<script type=\"application\/ld+json\" class=\"yoast-schema-graph\">{\"@context\":\"https:\/\/schema.org\",\"@graph\":[{\"@type\":\"WebPage\",\"@id\":\"https:\/\/verbion.jezik.hr\/index.php\/en\/research-team\/\",\"url\":\"https:\/\/verbion.jezik.hr\/index.php\/en\/research-team\/\",\"name\":\"Research team - Verbion\",\"isPartOf\":{\"@id\":\"https:\/\/verbion.jezik.hr\/#website\"},\"datePublished\":\"2026-01-28T13:13:19+00:00\",\"dateModified\":\"2026-01-28T13:13:38+00:00\",\"breadcrumb\":{\"@id\":\"https:\/\/verbion.jezik.hr\/index.php\/en\/research-team\/#breadcrumb\"},\"inLanguage\":\"hr\",\"potentialAction\":[{\"@type\":\"ReadAction\",\"target\":[\"https:\/\/verbion.jezik.hr\/index.php\/en\/research-team\/\"]}]},{\"@type\":\"BreadcrumbList\",\"@id\":\"https:\/\/verbion.jezik.hr\/index.php\/en\/research-team\/#breadcrumb\",\"itemListElement\":[{\"@type\":\"ListItem\",\"position\":1,\"name\":\"Po\u010detna stranica\",\"item\":\"https:\/\/verbion.jezik.hr\/\"},{\"@type\":\"ListItem\",\"position\":2,\"name\":\"Research team\"}]},{\"@type\":\"WebSite\",\"@id\":\"https:\/\/verbion.jezik.hr\/#website\",\"url\":\"https:\/\/verbion.jezik.hr\/\",\"name\":\"Verbion\",\"description\":\"\",\"publisher\":{\"@id\":\"https:\/\/verbion.jezik.hr\/#organization\"},\"potentialAction\":[{\"@type\":\"SearchAction\",\"target\":{\"@type\":\"EntryPoint\",\"urlTemplate\":\"https:\/\/verbion.jezik.hr\/?s={search_term_string}\"},\"query-input\":\"required name=search_term_string\"}],\"inLanguage\":\"hr\"},{\"@type\":\"Organization\",\"@id\":\"https:\/\/verbion.jezik.hr\/#organization\",\"name\":\"Verbion\",\"url\":\"https:\/\/verbion.jezik.hr\/\",\"logo\":{\"@type\":\"ImageObject\",\"inLanguage\":\"hr\",\"@id\":\"https:\/\/verbion.jezik.hr\/#\/schema\/logo\/image\/\",\"url\":\"https:\/\/verbion.jezik.hr\/wp-content\/uploads\/2025\/10\/HR-Financira-Europska-unija_PANTONE.jpg\",\"contentUrl\":\"https:\/\/verbion.jezik.hr\/wp-content\/uploads\/2025\/10\/HR-Financira-Europska-unija_PANTONE.jpg\",\"width\":1182,\"height\":999,\"caption\":\"Verbion\"},\"image\":{\"@id\":\"https:\/\/verbion.jezik.hr\/#\/schema\/logo\/image\/\"}}]}<\/script>\n<!-- \/ Yoast SEO plugin. -->","yoast_head_json":{"title":"Research team - Verbion","robots":{"index":"index","follow":"follow","max-snippet":"max-snippet:-1","max-image-preview":"max-image-preview:large","max-video-preview":"max-video-preview:-1"},"canonical":"https:\/\/verbion.jezik.hr\/index.php\/en\/research-team\/","og_locale":"hr_HR","og_type":"article","og_title":"Research team - Verbion","og_description":"Principal investigator: Ivana Bra\u010d, Institute for the Croatian Language, head of the project Team members: Matea Birti\u0107, Institute for the Croatian Language Branimir Belaj, Faculty of Humanities and Social Sciences, University of Osijek Ivona Ga\u0161pari\u0107, Institute for the Croatian Language Daria Lazi\u0107, Institute for the Croatian Language Maja Matijevi\u0107, Institute for the Croatian Language Iva [&hellip;]","og_url":"https:\/\/verbion.jezik.hr\/index.php\/en\/research-team\/","og_site_name":"Verbion","article_modified_time":"2026-01-28T13:13:38+00:00","twitter_card":"summary_large_image","twitter_misc":{"Procijenjeno vrijeme \u010ditanja":"1 minuta"},"schema":{"@context":"https:\/\/schema.org","@graph":[{"@type":"WebPage","@id":"https:\/\/verbion.jezik.hr\/index.php\/en\/research-team\/","url":"https:\/\/verbion.jezik.hr\/index.php\/en\/research-team\/","name":"Research team - Verbion","isPartOf":{"@id":"https:\/\/verbion.jezik.hr\/#website"},"datePublished":"2026-01-28T13:13:19+00:00","dateModified":"2026-01-28T13:13:38+00:00","breadcrumb":{"@id":"https:\/\/verbion.jezik.hr\/index.php\/en\/research-team\/#breadcrumb"},"inLanguage":"hr","potentialAction":[{"@type":"ReadAction","target":["https:\/\/verbion.jezik.hr\/index.php\/en\/research-team\/"]}]},{"@type":"BreadcrumbList","@id":"https:\/\/verbion.jezik.hr\/index.php\/en\/research-team\/#breadcrumb","itemListElement":[{"@type":"ListItem","position":1,"name":"Po\u010detna stranica","item":"https:\/\/verbion.jezik.hr\/"},{"@type":"ListItem","position":2,"name":"Research team"}]},{"@type":"WebSite","@id":"https:\/\/verbion.jezik.hr\/#website","url":"https:\/\/verbion.jezik.hr\/","name":"Verbion","description":"","publisher":{"@id":"https:\/\/verbion.jezik.hr\/#organization"},"potentialAction":[{"@type":"SearchAction","target":{"@type":"EntryPoint","urlTemplate":"https:\/\/verbion.jezik.hr\/?s={search_term_string}"},"query-input":"required name=search_term_string"}],"inLanguage":"hr"},{"@type":"Organization","@id":"https:\/\/verbion.jezik.hr\/#organization","name":"Verbion","url":"https:\/\/verbion.jezik.hr\/","logo":{"@type":"ImageObject","inLanguage":"hr","@id":"https:\/\/verbion.jezik.hr\/#\/schema\/logo\/image\/","url":"https:\/\/verbion.jezik.hr\/wp-content\/uploads\/2025\/10\/HR-Financira-Europska-unija_PANTONE.jpg","contentUrl":"https:\/\/verbion.jezik.hr\/wp-content\/uploads\/2025\/10\/HR-Financira-Europska-unija_PANTONE.jpg","width":1182,"height":999,"caption":"Verbion"},"image":{"@id":"https:\/\/verbion.jezik.hr\/#\/schema\/logo\/image\/"}}]}},"_links":{"self":[{"href":"https:\/\/verbion.jezik.hr\/index.php\/wp-json\/wp\/v2\/pages\/83","targetHints":{"allow":["GET"]}}],"collection":[{"href":"https:\/\/verbion.jezik.hr\/index.php\/wp-json\/wp\/v2\/pages"}],"about":[{"href":"https:\/\/verbion.jezik.hr\/index.php\/wp-json\/wp\/v2\/types\/page"}],"author":[{"embeddable":true,"href":"https:\/\/verbion.jezik.hr\/index.php\/wp-json\/wp\/v2\/users\/1"}],"replies":[{"embeddable":true,"href":"https:\/\/verbion.jezik.hr\/index.php\/wp-json\/wp\/v2\/comments?post=83"}],"version-history":[{"count":1,"href":"https:\/\/verbion.jezik.hr\/index.php\/wp-json\/wp\/v2\/pages\/83\/revisions"}],"predecessor-version":[{"id":84,"href":"https:\/\/verbion.jezik.hr\/index.php\/wp-json\/wp\/v2\/pages\/83\/revisions\/84"}],"wp:attachment":[{"href":"https:\/\/verbion.jezik.hr\/index.php\/wp-json\/wp\/v2\/media?parent=83"}],"curies":[{"name":"wp","href":"https:\/\/api.w.org\/{rel}","templated":true}]}}