{"id":27,"date":"2025-10-02T10:57:42","date_gmt":"2025-10-02T10:57:42","guid":{"rendered":"https:\/\/verbion.jezik.hr\/?page_id=27"},"modified":"2025-10-02T11:34:51","modified_gmt":"2025-10-02T11:34:51","slug":"usavrsavanja","status":"publish","type":"page","link":"https:\/\/verbion.jezik.hr\/index.php\/usavrsavanja\/","title":{"rendered":"Usavr\u0161avanja"},"content":{"rendered":"\n<p><a href=\"https:\/\/lexicom.courses\/lexicom-2025-bari-italy-lexicography-workshop\/\"><strong>Lexicom<\/strong><\/a>, 15. &#8211; 19. rujna 2025., Bari, Italija (Maja Matijevi\u0107).<\/p>\n\n\n\n<p><a href=\"https:\/\/www.clarin.si\/info\/k-centre\/workshops\/classla-express\/\"><strong>CLASSLA-Express workshop on using CLARIN.SI resources and AI tools in language research<\/strong><\/a>, 11. lipnja 2025., Zagreb (Maja Matijevi\u0107).<\/p>\n\n\n\n<p><a href=\"https:\/\/nyispb.org\/vnyi9\/VNYILing\/\"><strong>V-NYI #9 Program in Cultural, Cognitive and Linguistic Studies<\/strong><\/a>, 27. lipnja do 12. srpnja 2024., The NYI Global Institute of Cultural, Cognitive and Linguistic Studies, online (Maja Matijevi\u0107 i Daria Lazi\u0107).<\/p>\n\n\n\n<p><strong><a href=\"https:\/\/www.clarin.si\/info\/k-centre\/workshops\/classla-express\/\">CLASSLA-Express workshop on using CLARIN.SI corpora in language research<\/a><\/strong>, 19. travnja 2024., Filozofski fakultet Sveu\u010dili\u0161ta u Zagrebu (Ivana Bra\u010d i Sini\u0161a Runjai\u0107).<\/p>\n","protected":false},"excerpt":{"rendered":"<p>Lexicom, 15. &#8211; 19. rujna 2025., Bari, Italija (Maja Matijevi\u0107). CLASSLA-Express workshop on using CLARIN.SI resources and AI tools in language research, 11. lipnja 2025., Zagreb (Maja Matijevi\u0107). V-NYI #9 Program in Cultural, Cognitive and Linguistic Studies, 27. lipnja do 12. srpnja 2024., The NYI Global Institute of Cultural, Cognitive and Linguistic Studies, online (Maja [&hellip;]<\/p>\n","protected":false},"author":1,"featured_media":0,"parent":0,"menu_order":0,"comment_status":"closed","ping_status":"closed","template":"","meta":{"footnotes":""},"class_list":["post-27","page","type-page","status-publish","hentry"],"yoast_head":"<!-- This site is optimized with the Yoast SEO plugin v21.8 - https:\/\/yoast.com\/wordpress\/plugins\/seo\/ -->\n<title>Usavr\u0161avanja - Verbion<\/title>\n<meta name=\"robots\" content=\"index, follow, max-snippet:-1, max-image-preview:large, max-video-preview:-1\" \/>\n<link rel=\"canonical\" href=\"https:\/\/verbion.jezik.hr\/index.php\/usavrsavanja\/\" \/>\n<meta property=\"og:locale\" content=\"hr_HR\" \/>\n<meta property=\"og:type\" content=\"article\" \/>\n<meta property=\"og:title\" content=\"Usavr\u0161avanja - Verbion\" \/>\n<meta property=\"og:description\" content=\"Lexicom, 15. &#8211; 19. rujna 2025., Bari, Italija (Maja Matijevi\u0107). CLASSLA-Express workshop on using CLARIN.SI resources and AI tools in language research, 11. lipnja 2025., Zagreb (Maja Matijevi\u0107). V-NYI #9 Program in Cultural, Cognitive and Linguistic Studies, 27. lipnja do 12. srpnja 2024., The NYI Global Institute of Cultural, Cognitive and Linguistic Studies, online (Maja [&hellip;]\" \/>\n<meta property=\"og:url\" content=\"https:\/\/verbion.jezik.hr\/index.php\/usavrsavanja\/\" \/>\n<meta property=\"og:site_name\" content=\"Verbion\" \/>\n<meta property=\"article:modified_time\" content=\"2025-10-02T11:34:51+00:00\" \/>\n<meta name=\"twitter:card\" content=\"summary_large_image\" \/>\n<meta name=\"twitter:label1\" content=\"Procijenjeno vrijeme \u010ditanja\" \/>\n\t<meta name=\"twitter:data1\" content=\"1 minuta\" \/>\n<script type=\"application\/ld+json\" class=\"yoast-schema-graph\">{\"@context\":\"https:\/\/schema.org\",\"@graph\":[{\"@type\":\"WebPage\",\"@id\":\"https:\/\/verbion.jezik.hr\/index.php\/usavrsavanja\/\",\"url\":\"https:\/\/verbion.jezik.hr\/index.php\/usavrsavanja\/\",\"name\":\"Usavr\u0161avanja - Verbion\",\"isPartOf\":{\"@id\":\"https:\/\/verbion.jezik.hr\/#website\"},\"datePublished\":\"2025-10-02T10:57:42+00:00\",\"dateModified\":\"2025-10-02T11:34:51+00:00\",\"breadcrumb\":{\"@id\":\"https:\/\/verbion.jezik.hr\/index.php\/usavrsavanja\/#breadcrumb\"},\"inLanguage\":\"hr\",\"potentialAction\":[{\"@type\":\"ReadAction\",\"target\":[\"https:\/\/verbion.jezik.hr\/index.php\/usavrsavanja\/\"]}]},{\"@type\":\"BreadcrumbList\",\"@id\":\"https:\/\/verbion.jezik.hr\/index.php\/usavrsavanja\/#breadcrumb\",\"itemListElement\":[{\"@type\":\"ListItem\",\"position\":1,\"name\":\"Po\u010detna stranica\",\"item\":\"https:\/\/verbion.jezik.hr\/\"},{\"@type\":\"ListItem\",\"position\":2,\"name\":\"Usavr\u0161avanja\"}]},{\"@type\":\"WebSite\",\"@id\":\"https:\/\/verbion.jezik.hr\/#website\",\"url\":\"https:\/\/verbion.jezik.hr\/\",\"name\":\"Verbion\",\"description\":\"\",\"publisher\":{\"@id\":\"https:\/\/verbion.jezik.hr\/#organization\"},\"potentialAction\":[{\"@type\":\"SearchAction\",\"target\":{\"@type\":\"EntryPoint\",\"urlTemplate\":\"https:\/\/verbion.jezik.hr\/?s={search_term_string}\"},\"query-input\":\"required name=search_term_string\"}],\"inLanguage\":\"hr\"},{\"@type\":\"Organization\",\"@id\":\"https:\/\/verbion.jezik.hr\/#organization\",\"name\":\"Verbion\",\"url\":\"https:\/\/verbion.jezik.hr\/\",\"logo\":{\"@type\":\"ImageObject\",\"inLanguage\":\"hr\",\"@id\":\"https:\/\/verbion.jezik.hr\/#\/schema\/logo\/image\/\",\"url\":\"https:\/\/verbion.jezik.hr\/wp-content\/uploads\/2025\/10\/HR-Financira-Europska-unija_PANTONE.jpg\",\"contentUrl\":\"https:\/\/verbion.jezik.hr\/wp-content\/uploads\/2025\/10\/HR-Financira-Europska-unija_PANTONE.jpg\",\"width\":1182,\"height\":999,\"caption\":\"Verbion\"},\"image\":{\"@id\":\"https:\/\/verbion.jezik.hr\/#\/schema\/logo\/image\/\"}}]}<\/script>\n<!-- \/ Yoast SEO plugin. -->","yoast_head_json":{"title":"Usavr\u0161avanja - Verbion","robots":{"index":"index","follow":"follow","max-snippet":"max-snippet:-1","max-image-preview":"max-image-preview:large","max-video-preview":"max-video-preview:-1"},"canonical":"https:\/\/verbion.jezik.hr\/index.php\/usavrsavanja\/","og_locale":"hr_HR","og_type":"article","og_title":"Usavr\u0161avanja - Verbion","og_description":"Lexicom, 15. &#8211; 19. rujna 2025., Bari, Italija (Maja Matijevi\u0107). CLASSLA-Express workshop on using CLARIN.SI resources and AI tools in language research, 11. lipnja 2025., Zagreb (Maja Matijevi\u0107). V-NYI #9 Program in Cultural, Cognitive and Linguistic Studies, 27. lipnja do 12. srpnja 2024., The NYI Global Institute of Cultural, Cognitive and Linguistic Studies, online (Maja [&hellip;]","og_url":"https:\/\/verbion.jezik.hr\/index.php\/usavrsavanja\/","og_site_name":"Verbion","article_modified_time":"2025-10-02T11:34:51+00:00","twitter_card":"summary_large_image","twitter_misc":{"Procijenjeno vrijeme \u010ditanja":"1 minuta"},"schema":{"@context":"https:\/\/schema.org","@graph":[{"@type":"WebPage","@id":"https:\/\/verbion.jezik.hr\/index.php\/usavrsavanja\/","url":"https:\/\/verbion.jezik.hr\/index.php\/usavrsavanja\/","name":"Usavr\u0161avanja - Verbion","isPartOf":{"@id":"https:\/\/verbion.jezik.hr\/#website"},"datePublished":"2025-10-02T10:57:42+00:00","dateModified":"2025-10-02T11:34:51+00:00","breadcrumb":{"@id":"https:\/\/verbion.jezik.hr\/index.php\/usavrsavanja\/#breadcrumb"},"inLanguage":"hr","potentialAction":[{"@type":"ReadAction","target":["https:\/\/verbion.jezik.hr\/index.php\/usavrsavanja\/"]}]},{"@type":"BreadcrumbList","@id":"https:\/\/verbion.jezik.hr\/index.php\/usavrsavanja\/#breadcrumb","itemListElement":[{"@type":"ListItem","position":1,"name":"Po\u010detna stranica","item":"https:\/\/verbion.jezik.hr\/"},{"@type":"ListItem","position":2,"name":"Usavr\u0161avanja"}]},{"@type":"WebSite","@id":"https:\/\/verbion.jezik.hr\/#website","url":"https:\/\/verbion.jezik.hr\/","name":"Verbion","description":"","publisher":{"@id":"https:\/\/verbion.jezik.hr\/#organization"},"potentialAction":[{"@type":"SearchAction","target":{"@type":"EntryPoint","urlTemplate":"https:\/\/verbion.jezik.hr\/?s={search_term_string}"},"query-input":"required name=search_term_string"}],"inLanguage":"hr"},{"@type":"Organization","@id":"https:\/\/verbion.jezik.hr\/#organization","name":"Verbion","url":"https:\/\/verbion.jezik.hr\/","logo":{"@type":"ImageObject","inLanguage":"hr","@id":"https:\/\/verbion.jezik.hr\/#\/schema\/logo\/image\/","url":"https:\/\/verbion.jezik.hr\/wp-content\/uploads\/2025\/10\/HR-Financira-Europska-unija_PANTONE.jpg","contentUrl":"https:\/\/verbion.jezik.hr\/wp-content\/uploads\/2025\/10\/HR-Financira-Europska-unija_PANTONE.jpg","width":1182,"height":999,"caption":"Verbion"},"image":{"@id":"https:\/\/verbion.jezik.hr\/#\/schema\/logo\/image\/"}}]}},"_links":{"self":[{"href":"https:\/\/verbion.jezik.hr\/index.php\/wp-json\/wp\/v2\/pages\/27","targetHints":{"allow":["GET"]}}],"collection":[{"href":"https:\/\/verbion.jezik.hr\/index.php\/wp-json\/wp\/v2\/pages"}],"about":[{"href":"https:\/\/verbion.jezik.hr\/index.php\/wp-json\/wp\/v2\/types\/page"}],"author":[{"embeddable":true,"href":"https:\/\/verbion.jezik.hr\/index.php\/wp-json\/wp\/v2\/users\/1"}],"replies":[{"embeddable":true,"href":"https:\/\/verbion.jezik.hr\/index.php\/wp-json\/wp\/v2\/comments?post=27"}],"version-history":[{"count":2,"href":"https:\/\/verbion.jezik.hr\/index.php\/wp-json\/wp\/v2\/pages\/27\/revisions"}],"predecessor-version":[{"id":45,"href":"https:\/\/verbion.jezik.hr\/index.php\/wp-json\/wp\/v2\/pages\/27\/revisions\/45"}],"wp:attachment":[{"href":"https:\/\/verbion.jezik.hr\/index.php\/wp-json\/wp\/v2\/media?parent=27"}],"curies":[{"name":"wp","href":"https:\/\/api.w.org\/{rel}","templated":true}]}}