{"id":25,"date":"2025-10-02T10:57:00","date_gmt":"2025-10-02T10:57:00","guid":{"rendered":"https:\/\/verbion.jezik.hr\/?page_id=25"},"modified":"2025-10-02T11:32:46","modified_gmt":"2025-10-02T11:32:46","slug":"radionice","status":"publish","type":"page","link":"https:\/\/verbion.jezik.hr\/index.php\/radionice\/","title":{"rendered":"Radionice"},"content":{"rendered":"\n<p><strong>2025.<\/strong><\/p>\n\n\n\n<p><strong>Valency Lexicon VALLEX: From Lexicon to Grammar and Back Again<\/strong><\/p>\n\n\n\n<p>Voditeljica radionice: dr. sc. V\u00e1clava Kettnerov\u00e1, Institut za formalnu i primijenjenu lingvistiku Karlova sveu\u010dili\u0161ta u Pragu<\/p>\n\n\n\n<p>Datum: 19. svibnja 2025.<\/p>\n\n\n\n<p>Mjesto: Institut za hrvatski jezik<\/p>\n\n\n\n<p><\/p>\n\n\n\n<p>U okviru dvodnevne radionice koja je organizirana u okviru projekata\u00a0<em>Semanti\u010dko-sintakti\u010dka klasifikacija glagola u hrvatskom jeziku<\/em>\u00a0\u2013 SEMTACTIC (HRZZ) i\u00a0<em>Hrvatske glagolske valencije<\/em>\u00a0\u2013 Verbion (NextGenerationEU) dr. sc.\u00a0V\u00e1clava\u00a0Kettnerov\u00e1 iz Instituta za formalnu i primijenjenu lingvistiku Karlova sveu\u010dili\u0161te u Pragu odr\u017eala je javno predavanje\u00a0<em>Valency Lexicon VALLEX: From Lexicon to Grammar and Back Again<\/em>\u00a019. svibnja u Institutu za hrvatski jezik.<\/p>\n\n\n\n<figure class=\"wp-block-image\"><img decoding=\"async\" src=\"https:\/\/semtactic.jezik.hr\/wp-content\/uploads\/2025\/05\/IMG-20250521-WA0008-1024x473.jpg\" alt=\"\" class=\"wp-image-463\"\/><\/figure>\n\n\n\n\n\n<p><strong>Radionica Upotreba alata (No)Sketch Engine u pretra\u017eivanju valencijskih obrazaca<\/strong><\/p>\n\n\n\n<p>Voditeljica radionice: dr. sc. Zrinka Kolakovi\u0107, Sveu\u010dili\u0161te u Hamburgu<\/p>\n\n\n\n<p>Datum: 17. o\u017eujka 2025.<\/p>\n\n\n\n<p>Mjesto: Filozofski fakultet u Zagrebu<\/p>\n\n\n\n<p><\/p>\n\n\n\n<p>U organizaciji Instituta za hrvatski jezik (projekti\u00a0<em>Semanti\u010dko-sintakti\u010dka klasifikacija glagola u hrvatskom jeziku<\/em>\u00a0(HRZZ, IP-2022-10-8074) i\u00a0<em>Hrvatske glagolske valencije<\/em>\u00a0(NextGeneration EU)) i Odsjeka za kroatistiku Filozofskoga fakulteta u Zagrebu dr. sc. Zrinka Kolakovi\u0107 sa Sveu\u010dili\u0161ta u Hamburgu odr\u017eala je radionicu o pretra\u017eivanju valencijskih obrazaca uz pomo\u0107 CQL-a i regularnih izraza. Radionica se odr\u017eala 17. o\u017eujka 2025. na Filozofskom fakultetu u Zagrebu.<\/p>\n\n\n\n<figure class=\"wp-block-image\"><img decoding=\"async\" src=\"https:\/\/semtactic.jezik.hr\/wp-content\/uploads\/2025\/03\/IMG-20250318-WA0002-1024x473.jpg\" alt=\"\" class=\"wp-image-432\"\/><\/figure>\n\n\n\n\n\n<p><strong>2024.<\/strong><\/p>\n\n\n\n<p><strong>Radionica Leipzig Glossing Rules<\/strong><\/p>\n\n\n\n<p><strong><\/strong>Voditelj radionice: dr. sc. Marco Angster, izv. prof., Odjel za lingvistiku Sveu\u010dili\u0161ta u Zadru<strong><\/strong><\/p>\n\n\n\n<p><strong><\/strong>Datum:<strong>&nbsp;<\/strong>19. velja\u010de 2024.<strong><\/strong><\/p>\n\n\n\n<p><strong><\/strong>Mjesto:<strong><\/strong>&nbsp;Institut za hrvatski jezik<\/p>\n\n\n\n<p>U okviru projekata\u00a0<em>Semanti\u010dko-sintakti\u010dka klasifikacija glagola u hrvatskom jeziku<\/em>\u00a0(HRZZ, IP-2022-10-8074) i\u00a0<em>Hrvatske glagolske valencije<\/em>\u00a0(NextGeneration EU) izv. prof. dr. sc. Marco Angster s Odjela za lingvistiku Sveu\u010dili\u0161ta u Zadru odr\u017eao je radionicu\u00a0<strong><em>Leipzig Glossing Rules<\/em><\/strong>\u00a019. velja\u010de 2024. u Institutu za hrvatski jezik.<\/p>\n\n\n\n\n\n<figure class=\"wp-block-image\"><img decoding=\"async\" src=\"https:\/\/semtactic.jezik.hr\/wp-content\/uploads\/2024\/03\/radionica_1-1024x768.jpg\" alt=\"\" class=\"wp-image-312\"\/><\/figure>\n","protected":false},"excerpt":{"rendered":"<p>2025. Valency Lexicon VALLEX: From Lexicon to Grammar and Back Again Voditeljica radionice: dr. sc. V\u00e1clava Kettnerov\u00e1, Institut za formalnu i primijenjenu lingvistiku Karlova sveu\u010dili\u0161ta u Pragu Datum: 19. svibnja 2025. Mjesto: Institut za hrvatski jezik U okviru dvodnevne radionice koja je organizirana u okviru projekata\u00a0Semanti\u010dko-sintakti\u010dka klasifikacija glagola u hrvatskom jeziku\u00a0\u2013 SEMTACTIC (HRZZ) i\u00a0Hrvatske glagolske [&hellip;]<\/p>\n","protected":false},"author":1,"featured_media":0,"parent":0,"menu_order":0,"comment_status":"closed","ping_status":"closed","template":"","meta":{"footnotes":""},"class_list":["post-25","page","type-page","status-publish","hentry"],"yoast_head":"<!-- This site is optimized with the Yoast SEO plugin v21.8 - https:\/\/yoast.com\/wordpress\/plugins\/seo\/ -->\n<title>Radionice - Verbion<\/title>\n<meta name=\"robots\" content=\"index, follow, max-snippet:-1, max-image-preview:large, max-video-preview:-1\" \/>\n<link rel=\"canonical\" href=\"https:\/\/verbion.jezik.hr\/index.php\/radionice\/\" \/>\n<meta property=\"og:locale\" content=\"hr_HR\" \/>\n<meta property=\"og:type\" content=\"article\" \/>\n<meta property=\"og:title\" content=\"Radionice - Verbion\" \/>\n<meta property=\"og:description\" content=\"2025. Valency Lexicon VALLEX: From Lexicon to Grammar and Back Again Voditeljica radionice: dr. sc. V\u00e1clava Kettnerov\u00e1, Institut za formalnu i primijenjenu lingvistiku Karlova sveu\u010dili\u0161ta u Pragu Datum: 19. svibnja 2025. Mjesto: Institut za hrvatski jezik U okviru dvodnevne radionice koja je organizirana u okviru projekata\u00a0Semanti\u010dko-sintakti\u010dka klasifikacija glagola u hrvatskom jeziku\u00a0\u2013 SEMTACTIC (HRZZ) i\u00a0Hrvatske glagolske [&hellip;]\" \/>\n<meta property=\"og:url\" content=\"https:\/\/verbion.jezik.hr\/index.php\/radionice\/\" \/>\n<meta property=\"og:site_name\" content=\"Verbion\" \/>\n<meta property=\"article:modified_time\" content=\"2025-10-02T11:32:46+00:00\" \/>\n<meta property=\"og:image\" content=\"https:\/\/semtactic.jezik.hr\/wp-content\/uploads\/2025\/05\/IMG-20250521-WA0008-1024x473.jpg\" \/>\n<meta name=\"twitter:card\" content=\"summary_large_image\" \/>\n<meta name=\"twitter:label1\" content=\"Procijenjeno vrijeme \u010ditanja\" \/>\n\t<meta name=\"twitter:data1\" content=\"3 minute\" \/>\n<script type=\"application\/ld+json\" class=\"yoast-schema-graph\">{\"@context\":\"https:\/\/schema.org\",\"@graph\":[{\"@type\":\"WebPage\",\"@id\":\"https:\/\/verbion.jezik.hr\/index.php\/radionice\/\",\"url\":\"https:\/\/verbion.jezik.hr\/index.php\/radionice\/\",\"name\":\"Radionice - Verbion\",\"isPartOf\":{\"@id\":\"https:\/\/verbion.jezik.hr\/#website\"},\"datePublished\":\"2025-10-02T10:57:00+00:00\",\"dateModified\":\"2025-10-02T11:32:46+00:00\",\"breadcrumb\":{\"@id\":\"https:\/\/verbion.jezik.hr\/index.php\/radionice\/#breadcrumb\"},\"inLanguage\":\"hr\",\"potentialAction\":[{\"@type\":\"ReadAction\",\"target\":[\"https:\/\/verbion.jezik.hr\/index.php\/radionice\/\"]}]},{\"@type\":\"BreadcrumbList\",\"@id\":\"https:\/\/verbion.jezik.hr\/index.php\/radionice\/#breadcrumb\",\"itemListElement\":[{\"@type\":\"ListItem\",\"position\":1,\"name\":\"Po\u010detna stranica\",\"item\":\"https:\/\/verbion.jezik.hr\/\"},{\"@type\":\"ListItem\",\"position\":2,\"name\":\"Radionice\"}]},{\"@type\":\"WebSite\",\"@id\":\"https:\/\/verbion.jezik.hr\/#website\",\"url\":\"https:\/\/verbion.jezik.hr\/\",\"name\":\"Verbion\",\"description\":\"\",\"publisher\":{\"@id\":\"https:\/\/verbion.jezik.hr\/#organization\"},\"potentialAction\":[{\"@type\":\"SearchAction\",\"target\":{\"@type\":\"EntryPoint\",\"urlTemplate\":\"https:\/\/verbion.jezik.hr\/?s={search_term_string}\"},\"query-input\":\"required name=search_term_string\"}],\"inLanguage\":\"hr\"},{\"@type\":\"Organization\",\"@id\":\"https:\/\/verbion.jezik.hr\/#organization\",\"name\":\"Verbion\",\"url\":\"https:\/\/verbion.jezik.hr\/\",\"logo\":{\"@type\":\"ImageObject\",\"inLanguage\":\"hr\",\"@id\":\"https:\/\/verbion.jezik.hr\/#\/schema\/logo\/image\/\",\"url\":\"https:\/\/verbion.jezik.hr\/wp-content\/uploads\/2025\/10\/HR-Financira-Europska-unija_PANTONE.jpg\",\"contentUrl\":\"https:\/\/verbion.jezik.hr\/wp-content\/uploads\/2025\/10\/HR-Financira-Europska-unija_PANTONE.jpg\",\"width\":1182,\"height\":999,\"caption\":\"Verbion\"},\"image\":{\"@id\":\"https:\/\/verbion.jezik.hr\/#\/schema\/logo\/image\/\"}}]}<\/script>\n<!-- \/ Yoast SEO plugin. -->","yoast_head_json":{"title":"Radionice - Verbion","robots":{"index":"index","follow":"follow","max-snippet":"max-snippet:-1","max-image-preview":"max-image-preview:large","max-video-preview":"max-video-preview:-1"},"canonical":"https:\/\/verbion.jezik.hr\/index.php\/radionice\/","og_locale":"hr_HR","og_type":"article","og_title":"Radionice - Verbion","og_description":"2025. Valency Lexicon VALLEX: From Lexicon to Grammar and Back Again Voditeljica radionice: dr. sc. V\u00e1clava Kettnerov\u00e1, Institut za formalnu i primijenjenu lingvistiku Karlova sveu\u010dili\u0161ta u Pragu Datum: 19. svibnja 2025. Mjesto: Institut za hrvatski jezik U okviru dvodnevne radionice koja je organizirana u okviru projekata\u00a0Semanti\u010dko-sintakti\u010dka klasifikacija glagola u hrvatskom jeziku\u00a0\u2013 SEMTACTIC (HRZZ) i\u00a0Hrvatske glagolske [&hellip;]","og_url":"https:\/\/verbion.jezik.hr\/index.php\/radionice\/","og_site_name":"Verbion","article_modified_time":"2025-10-02T11:32:46+00:00","og_image":[{"url":"https:\/\/semtactic.jezik.hr\/wp-content\/uploads\/2025\/05\/IMG-20250521-WA0008-1024x473.jpg"}],"twitter_card":"summary_large_image","twitter_misc":{"Procijenjeno vrijeme \u010ditanja":"3 minute"},"schema":{"@context":"https:\/\/schema.org","@graph":[{"@type":"WebPage","@id":"https:\/\/verbion.jezik.hr\/index.php\/radionice\/","url":"https:\/\/verbion.jezik.hr\/index.php\/radionice\/","name":"Radionice - Verbion","isPartOf":{"@id":"https:\/\/verbion.jezik.hr\/#website"},"datePublished":"2025-10-02T10:57:00+00:00","dateModified":"2025-10-02T11:32:46+00:00","breadcrumb":{"@id":"https:\/\/verbion.jezik.hr\/index.php\/radionice\/#breadcrumb"},"inLanguage":"hr","potentialAction":[{"@type":"ReadAction","target":["https:\/\/verbion.jezik.hr\/index.php\/radionice\/"]}]},{"@type":"BreadcrumbList","@id":"https:\/\/verbion.jezik.hr\/index.php\/radionice\/#breadcrumb","itemListElement":[{"@type":"ListItem","position":1,"name":"Po\u010detna stranica","item":"https:\/\/verbion.jezik.hr\/"},{"@type":"ListItem","position":2,"name":"Radionice"}]},{"@type":"WebSite","@id":"https:\/\/verbion.jezik.hr\/#website","url":"https:\/\/verbion.jezik.hr\/","name":"Verbion","description":"","publisher":{"@id":"https:\/\/verbion.jezik.hr\/#organization"},"potentialAction":[{"@type":"SearchAction","target":{"@type":"EntryPoint","urlTemplate":"https:\/\/verbion.jezik.hr\/?s={search_term_string}"},"query-input":"required name=search_term_string"}],"inLanguage":"hr"},{"@type":"Organization","@id":"https:\/\/verbion.jezik.hr\/#organization","name":"Verbion","url":"https:\/\/verbion.jezik.hr\/","logo":{"@type":"ImageObject","inLanguage":"hr","@id":"https:\/\/verbion.jezik.hr\/#\/schema\/logo\/image\/","url":"https:\/\/verbion.jezik.hr\/wp-content\/uploads\/2025\/10\/HR-Financira-Europska-unija_PANTONE.jpg","contentUrl":"https:\/\/verbion.jezik.hr\/wp-content\/uploads\/2025\/10\/HR-Financira-Europska-unija_PANTONE.jpg","width":1182,"height":999,"caption":"Verbion"},"image":{"@id":"https:\/\/verbion.jezik.hr\/#\/schema\/logo\/image\/"}}]}},"_links":{"self":[{"href":"https:\/\/verbion.jezik.hr\/index.php\/wp-json\/wp\/v2\/pages\/25","targetHints":{"allow":["GET"]}}],"collection":[{"href":"https:\/\/verbion.jezik.hr\/index.php\/wp-json\/wp\/v2\/pages"}],"about":[{"href":"https:\/\/verbion.jezik.hr\/index.php\/wp-json\/wp\/v2\/types\/page"}],"author":[{"embeddable":true,"href":"https:\/\/verbion.jezik.hr\/index.php\/wp-json\/wp\/v2\/users\/1"}],"replies":[{"embeddable":true,"href":"https:\/\/verbion.jezik.hr\/index.php\/wp-json\/wp\/v2\/comments?post=25"}],"version-history":[{"count":2,"href":"https:\/\/verbion.jezik.hr\/index.php\/wp-json\/wp\/v2\/pages\/25\/revisions"}],"predecessor-version":[{"id":44,"href":"https:\/\/verbion.jezik.hr\/index.php\/wp-json\/wp\/v2\/pages\/25\/revisions\/44"}],"wp:attachment":[{"href":"https:\/\/verbion.jezik.hr\/index.php\/wp-json\/wp\/v2\/media?parent=25"}],"curies":[{"name":"wp","href":"https:\/\/api.w.org\/{rel}","templated":true}]}}