{"id":23,"date":"2025-10-02T10:55:42","date_gmt":"2025-10-02T10:55:42","guid":{"rendered":"https:\/\/verbion.jezik.hr\/?page_id=23"},"modified":"2025-10-02T11:41:59","modified_gmt":"2025-10-02T11:41:59","slug":"objavljeni-radovi","status":"publish","type":"page","link":"https:\/\/verbion.jezik.hr\/index.php\/objavljeni-radovi\/","title":{"rendered":"Objavljeni radovi"},"content":{"rendered":"\n<p>Bra\u010d, Ivana; Ostro\u0161ki Ani\u0107, Ana. 2025. <a href=\"https:\/\/aclanthology.org\/2025.ldk-1.7\/\">Assigning FrameNet Frames to a Croatian Verb Lexicon<\/a>. Ur. Alam. Mehwish et al.\u00a0<em>Proceedings of the 5th Conference on Language, Data and Knowledge<\/em>. UniorPress Naples. Naples. 56-61.<\/p>\n\n\n\n<p>Bra\u010d, Ivana; Despot, Kristina \u0160.; Belaj, Branimir. 2025.\u00a0<a href=\"https:\/\/journals.plos.org\/plosone\/article?id=10.1371\/journal.pone.0325807\">Bleating, growling, barking, and spitting: Metaphorical extensions and valency patterns of verbs of speaking<\/a>.\u00a0<em>Plos one<\/em><strong>. <\/strong>1\u201331.<\/p>\n\n\n\n<p><strong>2024.<\/strong><\/p>\n\n\n\n<p>Bra\u010d, Ivana; Birti\u0107, Matea. 2024.&nbsp;<a href=\"https:\/\/www.academia.edu\/123845016\/Verbal_Multiword_Expressions_in_the_Croatian_Verb_Lexicon\">Verbal Multiword Expressions in the Croatian Verb Lexicon<\/a>.&nbsp;<em>Proceedings of the Sixth International Conference Computational Linguistics in Bulgaria (CLIB 2024)<\/em>. Bulgarian Academy of Sciences. 130\u2013139.<\/p>\n","protected":false},"excerpt":{"rendered":"<p>Bra\u010d, Ivana; Ostro\u0161ki Ani\u0107, Ana. 2025. Assigning FrameNet Frames to a Croatian Verb Lexicon. Ur. Alam. Mehwish et al.\u00a0Proceedings of the 5th Conference on Language, Data and Knowledge. UniorPress Naples. Naples. 56-61. Bra\u010d, Ivana; Despot, Kristina \u0160.; Belaj, Branimir. 2025.\u00a0Bleating, growling, barking, and spitting: Metaphorical extensions and valency patterns of verbs of speaking.\u00a0Plos one. 1\u201331. [&hellip;]<\/p>\n","protected":false},"author":1,"featured_media":0,"parent":0,"menu_order":0,"comment_status":"closed","ping_status":"closed","template":"","meta":{"footnotes":""},"class_list":["post-23","page","type-page","status-publish","hentry"],"yoast_head":"<!-- This site is optimized with the Yoast SEO plugin v21.8 - https:\/\/yoast.com\/wordpress\/plugins\/seo\/ -->\n<title>Objavljeni radovi - Verbion<\/title>\n<meta name=\"robots\" content=\"index, follow, max-snippet:-1, max-image-preview:large, max-video-preview:-1\" \/>\n<link rel=\"canonical\" href=\"https:\/\/verbion.jezik.hr\/index.php\/objavljeni-radovi\/\" \/>\n<meta property=\"og:locale\" content=\"hr_HR\" \/>\n<meta property=\"og:type\" content=\"article\" \/>\n<meta property=\"og:title\" content=\"Objavljeni radovi - Verbion\" \/>\n<meta property=\"og:description\" content=\"Bra\u010d, Ivana; Ostro\u0161ki Ani\u0107, Ana. 2025. Assigning FrameNet Frames to a Croatian Verb Lexicon. Ur. Alam. Mehwish et al.\u00a0Proceedings of the 5th Conference on Language, Data and Knowledge. UniorPress Naples. Naples. 56-61. Bra\u010d, Ivana; Despot, Kristina \u0160.; Belaj, Branimir. 2025.\u00a0Bleating, growling, barking, and spitting: Metaphorical extensions and valency patterns of verbs of speaking.\u00a0Plos one. 1\u201331. [&hellip;]\" \/>\n<meta property=\"og:url\" content=\"https:\/\/verbion.jezik.hr\/index.php\/objavljeni-radovi\/\" \/>\n<meta property=\"og:site_name\" content=\"Verbion\" \/>\n<meta property=\"article:modified_time\" content=\"2025-10-02T11:41:59+00:00\" \/>\n<meta name=\"twitter:card\" content=\"summary_large_image\" \/>\n<meta name=\"twitter:label1\" content=\"Procijenjeno vrijeme \u010ditanja\" \/>\n\t<meta name=\"twitter:data1\" content=\"1 minuta\" \/>\n<script type=\"application\/ld+json\" class=\"yoast-schema-graph\">{\"@context\":\"https:\/\/schema.org\",\"@graph\":[{\"@type\":\"WebPage\",\"@id\":\"https:\/\/verbion.jezik.hr\/index.php\/objavljeni-radovi\/\",\"url\":\"https:\/\/verbion.jezik.hr\/index.php\/objavljeni-radovi\/\",\"name\":\"Objavljeni radovi - Verbion\",\"isPartOf\":{\"@id\":\"https:\/\/verbion.jezik.hr\/#website\"},\"datePublished\":\"2025-10-02T10:55:42+00:00\",\"dateModified\":\"2025-10-02T11:41:59+00:00\",\"breadcrumb\":{\"@id\":\"https:\/\/verbion.jezik.hr\/index.php\/objavljeni-radovi\/#breadcrumb\"},\"inLanguage\":\"hr\",\"potentialAction\":[{\"@type\":\"ReadAction\",\"target\":[\"https:\/\/verbion.jezik.hr\/index.php\/objavljeni-radovi\/\"]}]},{\"@type\":\"BreadcrumbList\",\"@id\":\"https:\/\/verbion.jezik.hr\/index.php\/objavljeni-radovi\/#breadcrumb\",\"itemListElement\":[{\"@type\":\"ListItem\",\"position\":1,\"name\":\"Po\u010detna stranica\",\"item\":\"https:\/\/verbion.jezik.hr\/\"},{\"@type\":\"ListItem\",\"position\":2,\"name\":\"Objavljeni radovi\"}]},{\"@type\":\"WebSite\",\"@id\":\"https:\/\/verbion.jezik.hr\/#website\",\"url\":\"https:\/\/verbion.jezik.hr\/\",\"name\":\"Verbion\",\"description\":\"\",\"publisher\":{\"@id\":\"https:\/\/verbion.jezik.hr\/#organization\"},\"potentialAction\":[{\"@type\":\"SearchAction\",\"target\":{\"@type\":\"EntryPoint\",\"urlTemplate\":\"https:\/\/verbion.jezik.hr\/?s={search_term_string}\"},\"query-input\":\"required name=search_term_string\"}],\"inLanguage\":\"hr\"},{\"@type\":\"Organization\",\"@id\":\"https:\/\/verbion.jezik.hr\/#organization\",\"name\":\"Verbion\",\"url\":\"https:\/\/verbion.jezik.hr\/\",\"logo\":{\"@type\":\"ImageObject\",\"inLanguage\":\"hr\",\"@id\":\"https:\/\/verbion.jezik.hr\/#\/schema\/logo\/image\/\",\"url\":\"https:\/\/verbion.jezik.hr\/wp-content\/uploads\/2025\/10\/HR-Financira-Europska-unija_PANTONE.jpg\",\"contentUrl\":\"https:\/\/verbion.jezik.hr\/wp-content\/uploads\/2025\/10\/HR-Financira-Europska-unija_PANTONE.jpg\",\"width\":1182,\"height\":999,\"caption\":\"Verbion\"},\"image\":{\"@id\":\"https:\/\/verbion.jezik.hr\/#\/schema\/logo\/image\/\"}}]}<\/script>\n<!-- \/ Yoast SEO plugin. -->","yoast_head_json":{"title":"Objavljeni radovi - Verbion","robots":{"index":"index","follow":"follow","max-snippet":"max-snippet:-1","max-image-preview":"max-image-preview:large","max-video-preview":"max-video-preview:-1"},"canonical":"https:\/\/verbion.jezik.hr\/index.php\/objavljeni-radovi\/","og_locale":"hr_HR","og_type":"article","og_title":"Objavljeni radovi - Verbion","og_description":"Bra\u010d, Ivana; Ostro\u0161ki Ani\u0107, Ana. 2025. Assigning FrameNet Frames to a Croatian Verb Lexicon. Ur. Alam. Mehwish et al.\u00a0Proceedings of the 5th Conference on Language, Data and Knowledge. UniorPress Naples. Naples. 56-61. Bra\u010d, Ivana; Despot, Kristina \u0160.; Belaj, Branimir. 2025.\u00a0Bleating, growling, barking, and spitting: Metaphorical extensions and valency patterns of verbs of speaking.\u00a0Plos one. 1\u201331. [&hellip;]","og_url":"https:\/\/verbion.jezik.hr\/index.php\/objavljeni-radovi\/","og_site_name":"Verbion","article_modified_time":"2025-10-02T11:41:59+00:00","twitter_card":"summary_large_image","twitter_misc":{"Procijenjeno vrijeme \u010ditanja":"1 minuta"},"schema":{"@context":"https:\/\/schema.org","@graph":[{"@type":"WebPage","@id":"https:\/\/verbion.jezik.hr\/index.php\/objavljeni-radovi\/","url":"https:\/\/verbion.jezik.hr\/index.php\/objavljeni-radovi\/","name":"Objavljeni radovi - Verbion","isPartOf":{"@id":"https:\/\/verbion.jezik.hr\/#website"},"datePublished":"2025-10-02T10:55:42+00:00","dateModified":"2025-10-02T11:41:59+00:00","breadcrumb":{"@id":"https:\/\/verbion.jezik.hr\/index.php\/objavljeni-radovi\/#breadcrumb"},"inLanguage":"hr","potentialAction":[{"@type":"ReadAction","target":["https:\/\/verbion.jezik.hr\/index.php\/objavljeni-radovi\/"]}]},{"@type":"BreadcrumbList","@id":"https:\/\/verbion.jezik.hr\/index.php\/objavljeni-radovi\/#breadcrumb","itemListElement":[{"@type":"ListItem","position":1,"name":"Po\u010detna stranica","item":"https:\/\/verbion.jezik.hr\/"},{"@type":"ListItem","position":2,"name":"Objavljeni radovi"}]},{"@type":"WebSite","@id":"https:\/\/verbion.jezik.hr\/#website","url":"https:\/\/verbion.jezik.hr\/","name":"Verbion","description":"","publisher":{"@id":"https:\/\/verbion.jezik.hr\/#organization"},"potentialAction":[{"@type":"SearchAction","target":{"@type":"EntryPoint","urlTemplate":"https:\/\/verbion.jezik.hr\/?s={search_term_string}"},"query-input":"required name=search_term_string"}],"inLanguage":"hr"},{"@type":"Organization","@id":"https:\/\/verbion.jezik.hr\/#organization","name":"Verbion","url":"https:\/\/verbion.jezik.hr\/","logo":{"@type":"ImageObject","inLanguage":"hr","@id":"https:\/\/verbion.jezik.hr\/#\/schema\/logo\/image\/","url":"https:\/\/verbion.jezik.hr\/wp-content\/uploads\/2025\/10\/HR-Financira-Europska-unija_PANTONE.jpg","contentUrl":"https:\/\/verbion.jezik.hr\/wp-content\/uploads\/2025\/10\/HR-Financira-Europska-unija_PANTONE.jpg","width":1182,"height":999,"caption":"Verbion"},"image":{"@id":"https:\/\/verbion.jezik.hr\/#\/schema\/logo\/image\/"}}]}},"_links":{"self":[{"href":"https:\/\/verbion.jezik.hr\/index.php\/wp-json\/wp\/v2\/pages\/23","targetHints":{"allow":["GET"]}}],"collection":[{"href":"https:\/\/verbion.jezik.hr\/index.php\/wp-json\/wp\/v2\/pages"}],"about":[{"href":"https:\/\/verbion.jezik.hr\/index.php\/wp-json\/wp\/v2\/types\/page"}],"author":[{"embeddable":true,"href":"https:\/\/verbion.jezik.hr\/index.php\/wp-json\/wp\/v2\/users\/1"}],"replies":[{"embeddable":true,"href":"https:\/\/verbion.jezik.hr\/index.php\/wp-json\/wp\/v2\/comments?post=23"}],"version-history":[{"count":4,"href":"https:\/\/verbion.jezik.hr\/index.php\/wp-json\/wp\/v2\/pages\/23\/revisions"}],"predecessor-version":[{"id":55,"href":"https:\/\/verbion.jezik.hr\/index.php\/wp-json\/wp\/v2\/pages\/23\/revisions\/55"}],"wp:attachment":[{"href":"https:\/\/verbion.jezik.hr\/index.php\/wp-json\/wp\/v2\/media?parent=23"}],"curies":[{"name":"wp","href":"https:\/\/api.w.org\/{rel}","templated":true}]}}