{"id":21,"date":"2025-10-02T10:54:17","date_gmt":"2025-10-02T10:54:17","guid":{"rendered":"https:\/\/verbion.jezik.hr\/?page_id=21"},"modified":"2026-03-17T13:43:19","modified_gmt":"2026-03-17T13:43:19","slug":"izlaganja-na-konferencijama","status":"publish","type":"page","link":"https:\/\/verbion.jezik.hr\/index.php\/izlaganja-na-konferencijama\/","title":{"rendered":"Izlaganja na konferencijama"},"content":{"rendered":"\n<p><strong>2026.<\/strong><\/p>\n\n\n\n<p>Bra\u010d, Ivana; Batini\u0107 Angster, Mia. 2026. Verbion &#8211; semanti\u010dko-sintakti\u010dki opis hrvatskih glagola. <em>Zadarski filolo\u0161ki dani 11<\/em>. Sveu\u010dili\u0161te u Zadru. 5. i 6. o\u017eujka 2026., Zadar.<\/p>\n\n\n\n<p><strong>2025.<\/strong><\/p>\n\n\n\n<p>Belaj, Branimir; Bra\u010d, Ivana; Nazalevi\u0107 \u010cu\u010devi\u0107, Iva. 2025. Dvadeset godina Gramatike J. Sili\u0107a i I. Pranjkovi\u0107a.&nbsp;<em>(Dis)kontinuitet(i) u nacionalnoj filologiji: 150 godina kroatistike na Sveu\u010dili\u0161tu u Zagrebu<\/em>. Filozofski fakultet Sveu\u010dili\u0161ta u Zagrebu. 4. \u2013 6. prosinca 2025., Zagreb.<\/p>\n\n\n\n<p>Bra\u010d, Ivana; Birti\u0107, Matea. 2025. The role of verb\u2019s valency tools in mastering L2 (and more): from e-Glava to Verbion.&nbsp;<em>Multilingual and Multicultural Learning: Policies and Practices<\/em>&nbsp;(MMLPP4). 16. i 18. listopada 2025., Las Palmas, \u0160panjolska.<\/p>\n\n\n\n<p>Bra\u010d, Ivana; Ostro\u0161ki Ani\u0107, Ana. 2025. Assigning FrameNet Frames to a Croatian Verb Lexicon.&nbsp;<em>Language, Data and Knowledge&nbsp;<\/em>(LDK 2025). 10. \u2013 11. rujna 2025., Napulj, Italija.<\/p>\n\n\n\n<p>Runjai\u0107, Sini\u0161a; Birti\u0107, Matea. 2025. Recent insights into dative alternation in Croatian, with an emphasis on agentive and non-agentive realizations.&nbsp;<em>Syntax of the World\u2019s Languages 10&nbsp;<\/em>(SWL X). 8. \u2013 11. rujna 2025., Potsdam, Njema\u010dka.<\/p>\n\n\n\n<p>Ostro\u0161ki Ani\u0107, Ana; Bra\u010d, Ivana. 2025. Integrating Frame-Semantic Description into a Valency Lexicon: Croatian Cognition Verbs.&nbsp;<em>58th Annual Meeting of the Societas Linguistica Europaea<\/em>&nbsp;(SLE 2025). 26. \u2013 30. kolovoza 2025., Bordeaux, Francuska.<\/p>\n\n\n\n<p>Birti\u0107, Matea; Runjai\u0107, Sini\u0161a; Sviben, Robert. 2025. Dative alternations in less-researched syntactic patterns of standard Croatian.&nbsp;<em>Eighth International Conference on Dependency Linguistics<\/em>&nbsp;(Depling, SyntaxFest 2025). 26. \u2013 29. kolovoza 2025., Ljubljana, Slovenija.<\/p>\n\n\n\n<p>Bra\u010d, Ivana; \u0160trkalj Despot, Kristina; Belaj, Branimir. 2025. Interaction between metaphorical shifts in verbs\u2019 meaning and their valency patterns.&nbsp;<em>The 17th International Cognitive Linguistics Conference \u2013 ICLC 17<\/em>. 14. \u2013 18. srpnja 2025., Buenos Aires, Argentina.<\/p>\n\n\n\n<p>Ostro\u0161ki Ani\u0107, Ana; Bra\u010d, Ivana. 2025. Expanding FrameNet Frames for a Valency Lexicon of Croatian.&nbsp;<em>The 17th International Cognitive Linguistics Conference \u2013 ICLC 17<\/em>. 14. \u2013 18. srpnja 2025., Buenos Aires, Argentina.<\/p>\n\n\n\n<p>Runjai\u0107, Sini\u0161a; \u010cibej, Jaka. Conversion of the School Dictionary of Croatian into a Sense Inventory for the ELEXIS-WSD Parallel Sense-Annotated Corpus: A Case Study.&nbsp;<em>3rd UniDive Workshop.&nbsp;<\/em>28. \u2013 30. sije\u010dnja 2025., Budimpe\u0161ta, Ma\u0111arska.<s><\/s><\/p>\n\n\n\n<p><strong>2024.<\/strong><\/p>\n\n\n\n<p>Bra\u010d, Ivana. Hrvatski glagolski leksikon &#8211; VERBION. 8. Hrvatski sintakti\u010dki dani. 29. &#8211; 30. studenoga 2024., Osijek.<\/p>\n\n\n\n<p>Ostro\u0161ki Ani\u0107, Ana; Bra\u010d, Ivana. A Frame-Semantic Description of Cognition Verbs in Croatian.&nbsp;<em>South Slavic Languages in the Digital Environment<\/em>. 21. \u2013 23. listopada 2024., Beograd, Srbija.<\/p>\n\n\n\n<p>Runjai\u0107, Sini\u0161a. Verbs of purpose and endeavour: analysis of a smaller semantic class of verbs as the test sample for new project dealing with the semantics and the syntax of Croatian verbs.&nbsp;<em>V\u00fdzkum valence ve slovansk\u00fdch zem\u00edch v\u010dera a dnes \u2013 Valence research in Slavic countries yesterday and today<\/em>. 24. i 25. listopada 2024. Prag, \u010ce\u0161ka.<\/p>\n\n\n\n<p>Bra\u010d, Ivana; Birti\u0107, Matea. Verbal Multiword Expressions in the Croatian Verb Lexicon.&nbsp;<em>Computational Linguistics in Bulgaria<\/em>. 9. i 10. rujna 2024. Bugarska akademija znanosti, Sofija, Bugarska.<\/p>\n\n\n\n<p>Belaj, Branimir; Bra\u010d, Ivana; \u0160trkalj Despot, Kristina. Bleating, growling, barking, and spitting. Exploring metaphorical extensions and valency patterns in verbs of speaking.&nbsp;<em>57th Annual Meeting of the Societas Linguistica Europaea \u2013 SLE 2024<\/em>. 21. \u2013 24. kolovoza 2024. Sveu\u010dili\u0161te u Helsinkiju, Helsinki, Finska.<\/p>\n\n\n\n<p>Bra\u010d, Ivana. Suodnos sintakse i semantike glagola.&nbsp;<em>Stru\u010dno i znanstveno savjetovanje lektora hrvatskoga kao inoga jezika SIH. Glagoli u HIJ-u<\/em>. 5. i 6. srpnja 2024. Filozofski fakultet Sveu\u010dili\u0161ta u Zagrebu, Zagreb.<\/p>\n\n\n\n<p>Bra\u010d, Ivana; Belaj, Branimir; \u0160trkalj Despot, Kristina. The syntax-semantics interface of verbs of (manner of) speaking.&nbsp;<em>The Annual International Conference of the English Department<\/em>&nbsp;\u2013 AICED 25. 14. \u2013 16. lipnja 2024. Sveu\u010dili\u0161te u Bukure\u0161tu, Bukure\u0161t, Rumunjska.<\/p>\n\n\n\n<p>Runjai\u0107, Sini\u0161a; Birti\u0107, Matea. Re-evaluating results from the SARGADA project: possibility of implementing theoretical insights into the new valency database of Croatian verbs.&nbsp;<em>The Annual International Conference of the English Department<\/em>&nbsp;\u2013 AICED 25. 14. \u2013 16. lipnja 2024. Sveu\u010dili\u0161te u Bukure\u0161tu, Bukure\u0161t, Rumunjska.<\/p>\n\n\n\n<p>Bra\u010d, Ivana; \u0160trkalj Despot, Kristina; Filipi\u0107, Lobel. Unpacking negative attitudes through the choice of a verb.&nbsp;<em>11th International Symposium on Intercultural, Cognitive and Social Pragmatics<\/em>&nbsp;\u2013 EPICS XI. 22. \u2013 24. svibnja 2024. Universidad de Olavide, Sevilla, \u0160panjolska.<\/p>\n","protected":false},"excerpt":{"rendered":"<p>2026. Bra\u010d, Ivana; Batini\u0107 Angster, Mia. 2026. Verbion &#8211; semanti\u010dko-sintakti\u010dki opis hrvatskih glagola. Zadarski filolo\u0161ki dani 11. Sveu\u010dili\u0161te u Zadru. 5. i 6. o\u017eujka 2026., Zadar. 2025. Belaj, Branimir; Bra\u010d, Ivana; Nazalevi\u0107 \u010cu\u010devi\u0107, Iva. 2025. Dvadeset godina Gramatike J. Sili\u0107a i I. Pranjkovi\u0107a.&nbsp;(Dis)kontinuitet(i) u nacionalnoj filologiji: 150 godina kroatistike na Sveu\u010dili\u0161tu u Zagrebu. Filozofski fakultet [&hellip;]<\/p>\n","protected":false},"author":1,"featured_media":0,"parent":0,"menu_order":0,"comment_status":"closed","ping_status":"closed","template":"","meta":{"footnotes":""},"class_list":["post-21","page","type-page","status-publish","hentry"],"yoast_head":"<!-- This site is optimized with the Yoast SEO plugin v21.8 - https:\/\/yoast.com\/wordpress\/plugins\/seo\/ -->\n<title>Izlaganja na konferencijama - Verbion<\/title>\n<meta name=\"robots\" content=\"index, follow, max-snippet:-1, max-image-preview:large, max-video-preview:-1\" \/>\n<link rel=\"canonical\" href=\"https:\/\/verbion.jezik.hr\/index.php\/izlaganja-na-konferencijama\/\" \/>\n<meta property=\"og:locale\" content=\"hr_HR\" \/>\n<meta property=\"og:type\" content=\"article\" \/>\n<meta property=\"og:title\" content=\"Izlaganja na konferencijama - Verbion\" \/>\n<meta property=\"og:description\" content=\"2026. Bra\u010d, Ivana; Batini\u0107 Angster, Mia. 2026. Verbion &#8211; semanti\u010dko-sintakti\u010dki opis hrvatskih glagola. Zadarski filolo\u0161ki dani 11. Sveu\u010dili\u0161te u Zadru. 5. i 6. o\u017eujka 2026., Zadar. 2025. Belaj, Branimir; Bra\u010d, Ivana; Nazalevi\u0107 \u010cu\u010devi\u0107, Iva. 2025. Dvadeset godina Gramatike J. Sili\u0107a i I. Pranjkovi\u0107a.&nbsp;(Dis)kontinuitet(i) u nacionalnoj filologiji: 150 godina kroatistike na Sveu\u010dili\u0161tu u Zagrebu. Filozofski fakultet [&hellip;]\" \/>\n<meta property=\"og:url\" content=\"https:\/\/verbion.jezik.hr\/index.php\/izlaganja-na-konferencijama\/\" \/>\n<meta property=\"og:site_name\" content=\"Verbion\" \/>\n<meta property=\"article:modified_time\" content=\"2026-03-17T13:43:19+00:00\" \/>\n<meta name=\"twitter:card\" content=\"summary_large_image\" \/>\n<meta name=\"twitter:label1\" content=\"Procijenjeno vrijeme \u010ditanja\" \/>\n\t<meta name=\"twitter:data1\" content=\"4 minute\" \/>\n<script type=\"application\/ld+json\" class=\"yoast-schema-graph\">{\"@context\":\"https:\/\/schema.org\",\"@graph\":[{\"@type\":\"WebPage\",\"@id\":\"https:\/\/verbion.jezik.hr\/index.php\/izlaganja-na-konferencijama\/\",\"url\":\"https:\/\/verbion.jezik.hr\/index.php\/izlaganja-na-konferencijama\/\",\"name\":\"Izlaganja na konferencijama - Verbion\",\"isPartOf\":{\"@id\":\"https:\/\/verbion.jezik.hr\/#website\"},\"datePublished\":\"2025-10-02T10:54:17+00:00\",\"dateModified\":\"2026-03-17T13:43:19+00:00\",\"breadcrumb\":{\"@id\":\"https:\/\/verbion.jezik.hr\/index.php\/izlaganja-na-konferencijama\/#breadcrumb\"},\"inLanguage\":\"hr\",\"potentialAction\":[{\"@type\":\"ReadAction\",\"target\":[\"https:\/\/verbion.jezik.hr\/index.php\/izlaganja-na-konferencijama\/\"]}]},{\"@type\":\"BreadcrumbList\",\"@id\":\"https:\/\/verbion.jezik.hr\/index.php\/izlaganja-na-konferencijama\/#breadcrumb\",\"itemListElement\":[{\"@type\":\"ListItem\",\"position\":1,\"name\":\"Po\u010detna stranica\",\"item\":\"https:\/\/verbion.jezik.hr\/\"},{\"@type\":\"ListItem\",\"position\":2,\"name\":\"Izlaganja na konferencijama\"}]},{\"@type\":\"WebSite\",\"@id\":\"https:\/\/verbion.jezik.hr\/#website\",\"url\":\"https:\/\/verbion.jezik.hr\/\",\"name\":\"Verbion\",\"description\":\"\",\"publisher\":{\"@id\":\"https:\/\/verbion.jezik.hr\/#organization\"},\"potentialAction\":[{\"@type\":\"SearchAction\",\"target\":{\"@type\":\"EntryPoint\",\"urlTemplate\":\"https:\/\/verbion.jezik.hr\/?s={search_term_string}\"},\"query-input\":\"required name=search_term_string\"}],\"inLanguage\":\"hr\"},{\"@type\":\"Organization\",\"@id\":\"https:\/\/verbion.jezik.hr\/#organization\",\"name\":\"Verbion\",\"url\":\"https:\/\/verbion.jezik.hr\/\",\"logo\":{\"@type\":\"ImageObject\",\"inLanguage\":\"hr\",\"@id\":\"https:\/\/verbion.jezik.hr\/#\/schema\/logo\/image\/\",\"url\":\"https:\/\/verbion.jezik.hr\/wp-content\/uploads\/2025\/10\/HR-Financira-Europska-unija_PANTONE.jpg\",\"contentUrl\":\"https:\/\/verbion.jezik.hr\/wp-content\/uploads\/2025\/10\/HR-Financira-Europska-unija_PANTONE.jpg\",\"width\":1182,\"height\":999,\"caption\":\"Verbion\"},\"image\":{\"@id\":\"https:\/\/verbion.jezik.hr\/#\/schema\/logo\/image\/\"}}]}<\/script>\n<!-- \/ Yoast SEO plugin. -->","yoast_head_json":{"title":"Izlaganja na konferencijama - Verbion","robots":{"index":"index","follow":"follow","max-snippet":"max-snippet:-1","max-image-preview":"max-image-preview:large","max-video-preview":"max-video-preview:-1"},"canonical":"https:\/\/verbion.jezik.hr\/index.php\/izlaganja-na-konferencijama\/","og_locale":"hr_HR","og_type":"article","og_title":"Izlaganja na konferencijama - Verbion","og_description":"2026. Bra\u010d, Ivana; Batini\u0107 Angster, Mia. 2026. Verbion &#8211; semanti\u010dko-sintakti\u010dki opis hrvatskih glagola. Zadarski filolo\u0161ki dani 11. Sveu\u010dili\u0161te u Zadru. 5. i 6. o\u017eujka 2026., Zadar. 2025. Belaj, Branimir; Bra\u010d, Ivana; Nazalevi\u0107 \u010cu\u010devi\u0107, Iva. 2025. Dvadeset godina Gramatike J. Sili\u0107a i I. Pranjkovi\u0107a.&nbsp;(Dis)kontinuitet(i) u nacionalnoj filologiji: 150 godina kroatistike na Sveu\u010dili\u0161tu u Zagrebu. Filozofski fakultet [&hellip;]","og_url":"https:\/\/verbion.jezik.hr\/index.php\/izlaganja-na-konferencijama\/","og_site_name":"Verbion","article_modified_time":"2026-03-17T13:43:19+00:00","twitter_card":"summary_large_image","twitter_misc":{"Procijenjeno vrijeme \u010ditanja":"4 minute"},"schema":{"@context":"https:\/\/schema.org","@graph":[{"@type":"WebPage","@id":"https:\/\/verbion.jezik.hr\/index.php\/izlaganja-na-konferencijama\/","url":"https:\/\/verbion.jezik.hr\/index.php\/izlaganja-na-konferencijama\/","name":"Izlaganja na konferencijama - Verbion","isPartOf":{"@id":"https:\/\/verbion.jezik.hr\/#website"},"datePublished":"2025-10-02T10:54:17+00:00","dateModified":"2026-03-17T13:43:19+00:00","breadcrumb":{"@id":"https:\/\/verbion.jezik.hr\/index.php\/izlaganja-na-konferencijama\/#breadcrumb"},"inLanguage":"hr","potentialAction":[{"@type":"ReadAction","target":["https:\/\/verbion.jezik.hr\/index.php\/izlaganja-na-konferencijama\/"]}]},{"@type":"BreadcrumbList","@id":"https:\/\/verbion.jezik.hr\/index.php\/izlaganja-na-konferencijama\/#breadcrumb","itemListElement":[{"@type":"ListItem","position":1,"name":"Po\u010detna stranica","item":"https:\/\/verbion.jezik.hr\/"},{"@type":"ListItem","position":2,"name":"Izlaganja na konferencijama"}]},{"@type":"WebSite","@id":"https:\/\/verbion.jezik.hr\/#website","url":"https:\/\/verbion.jezik.hr\/","name":"Verbion","description":"","publisher":{"@id":"https:\/\/verbion.jezik.hr\/#organization"},"potentialAction":[{"@type":"SearchAction","target":{"@type":"EntryPoint","urlTemplate":"https:\/\/verbion.jezik.hr\/?s={search_term_string}"},"query-input":"required name=search_term_string"}],"inLanguage":"hr"},{"@type":"Organization","@id":"https:\/\/verbion.jezik.hr\/#organization","name":"Verbion","url":"https:\/\/verbion.jezik.hr\/","logo":{"@type":"ImageObject","inLanguage":"hr","@id":"https:\/\/verbion.jezik.hr\/#\/schema\/logo\/image\/","url":"https:\/\/verbion.jezik.hr\/wp-content\/uploads\/2025\/10\/HR-Financira-Europska-unija_PANTONE.jpg","contentUrl":"https:\/\/verbion.jezik.hr\/wp-content\/uploads\/2025\/10\/HR-Financira-Europska-unija_PANTONE.jpg","width":1182,"height":999,"caption":"Verbion"},"image":{"@id":"https:\/\/verbion.jezik.hr\/#\/schema\/logo\/image\/"}}]}},"_links":{"self":[{"href":"https:\/\/verbion.jezik.hr\/index.php\/wp-json\/wp\/v2\/pages\/21","targetHints":{"allow":["GET"]}}],"collection":[{"href":"https:\/\/verbion.jezik.hr\/index.php\/wp-json\/wp\/v2\/pages"}],"about":[{"href":"https:\/\/verbion.jezik.hr\/index.php\/wp-json\/wp\/v2\/types\/page"}],"author":[{"embeddable":true,"href":"https:\/\/verbion.jezik.hr\/index.php\/wp-json\/wp\/v2\/users\/1"}],"replies":[{"embeddable":true,"href":"https:\/\/verbion.jezik.hr\/index.php\/wp-json\/wp\/v2\/comments?post=21"}],"version-history":[{"count":3,"href":"https:\/\/verbion.jezik.hr\/index.php\/wp-json\/wp\/v2\/pages\/21\/revisions"}],"predecessor-version":[{"id":95,"href":"https:\/\/verbion.jezik.hr\/index.php\/wp-json\/wp\/v2\/pages\/21\/revisions\/95"}],"wp:attachment":[{"href":"https:\/\/verbion.jezik.hr\/index.php\/wp-json\/wp\/v2\/media?parent=21"}],"curies":[{"name":"wp","href":"https:\/\/api.w.org\/{rel}","templated":true}]}}